{"id":15187,"date":"2020-07-09T09:24:21","date_gmt":"2020-07-09T07:24:21","guid":{"rendered":"http:\/\/grandchampmusique.fr\/?page_id=15187"},"modified":"2025-11-21T16:40:19","modified_gmt":"2025-11-21T15:40:19","slug":"formulaire-benevoles","status":"publish","type":"page","link":"https:\/\/grandchampmusique.fr\/index.php\/formulaire-benevoles\/","title":{"rendered":"Formulaire B\u00e9n\u00e9voles"},"content":{"rendered":"<p style=\"text-align: center;\"><strong>\u00a0<\/strong><\/p>\r\n<h4 style=\"text-align: center;\"><strong>IMPORTANT : L\u2019existence et la survie de l&#8217;\u00e9cole de musique et de th\u00e9\u00e2tre est li\u00e9e au nombre de b\u00e9n\u00e9voles investis dans l&#8217;association ! Plus nous serons nombreux, plus la t\u00e2che \u00e0 accomplir sera simple et agr\u00e9able !<\/strong><\/h4>\r\n<h4 style=\"text-align: center;\"><strong>M\u00eame un petit coup de main ponctuel compte pour soulager l&#8217;\u00e9quipe actuelle qui est tr\u00e8s restreinte et du coup surcharg\u00e9e ! N&#8217;h\u00e9sitez pas \u00e0 vous faire conna\u00eetre aupr\u00e8s de vos professeurs ou \u00e0 compl\u00e9ter directement ce formulaire.<\/strong><\/h4>\r\n<h4 style=\"text-align: center;\"><strong>Merci d&#8217;avance !<\/strong><\/h4>\r\n\n<div class=\"wpcf7 no-js\" id=\"wpcf7-f15185-o1\" lang=\"fr-FR\" dir=\"ltr\" data-wpcf7-id=\"15185\">\n<div class=\"screen-reader-response\"><p role=\"status\" aria-live=\"polite\" aria-atomic=\"true\"><\/p> <ul><\/ul><\/div>\n<form action=\"\/index.php\/wp-json\/wp\/v2\/pages\/15187#wpcf7-f15185-o1\" method=\"post\" class=\"wpcf7-form init\" aria-label=\"Formulaire de contact\" novalidate=\"novalidate\" data-status=\"init\">\n<fieldset class=\"hidden-fields-container\"><input type=\"hidden\" name=\"_wpcf7\" value=\"15185\" \/><input type=\"hidden\" name=\"_wpcf7_version\" value=\"6.1.5\" \/><input type=\"hidden\" name=\"_wpcf7_locale\" value=\"fr_FR\" \/><input type=\"hidden\" name=\"_wpcf7_unit_tag\" value=\"wpcf7-f15185-o1\" \/><input type=\"hidden\" name=\"_wpcf7_container_post\" value=\"0\" \/><input type=\"hidden\" name=\"_wpcf7_posted_data_hash\" value=\"\" \/>\n<\/fieldset>\n<p><label> Nom (obligatoire)<br \/>\n<span class=\"wpcf7-form-control-wrap\" data-name=\"your-name\"><input size=\"40\" maxlength=\"400\" class=\"wpcf7-form-control wpcf7-text wpcf7-validates-as-required\" aria-required=\"true\" aria-invalid=\"false\" value=\"\" type=\"text\" name=\"your-name\" \/><\/span> <\/label>\n<\/p>\n<p><label> Pr\u00e9nom (obligatoire)<br \/>\n<span class=\"wpcf7-form-control-wrap\" data-name=\"Prenom\"><input size=\"40\" maxlength=\"400\" class=\"wpcf7-form-control wpcf7-text wpcf7-validates-as-required\" aria-required=\"true\" aria-invalid=\"false\" value=\"\" type=\"text\" name=\"Prenom\" \/><\/span><\/label>\n<\/p>\n<p><label> Email (obligatoire)<br \/>\n<span class=\"wpcf7-form-control-wrap\" data-name=\"your-email\"><input size=\"40\" maxlength=\"400\" class=\"wpcf7-form-control wpcf7-email wpcf7-validates-as-required wpcf7-text wpcf7-validates-as-email\" aria-required=\"true\" aria-invalid=\"false\" value=\"\" type=\"email\" name=\"your-email\" \/><\/span> <\/label>\n<\/p>\n<p><label> T\u00e9l\u00e9phone (obligatoire)<br \/>\n<span class=\"wpcf7-form-control-wrap\" data-name=\"Telephone\"><input size=\"40\" maxlength=\"400\" class=\"wpcf7-form-control wpcf7-text\" aria-invalid=\"false\" value=\"\" type=\"text\" name=\"Telephone\" \/><\/span><\/label>\n<\/p>\n<p><label> R\u00e9\u00e9crivez les lettres et\/ou chiffres ci-dessous pour valider que vous n'\u00eates pas un robot !<br \/>\n<input type=\"hidden\" name=\"_wpcf7_captcha_challenge_captcha-1\" value=\"1565067065\" \/><img decoding=\"async\" class=\"wpcf7-form-control wpcf7-captchac wpcf7-captcha-captcha-1\" width=\"72\" height=\"24\" alt=\"captcha\" src=\"https:\/\/grandchampmusique.fr\/wp-content\/uploads\/wpcf7_captcha\/1565067065.png\" \/> <span class=\"wpcf7-form-control-wrap\" data-name=\"captcha-1\"><input size=\"40\" class=\"wpcf7-form-control wpcf7-captchar\" autocomplete=\"off\" aria-invalid=\"false\" value=\"\" type=\"text\" name=\"captcha-1\" \/><\/span><br \/>\n<input class=\"wpcf7-form-control wpcf7-submit has-spinner\" type=\"submit\" value=\"Envoyer\" \/><\/label>\n<\/p><div class=\"wpcf7-response-output\" aria-hidden=\"true\"><\/div>\n<\/form>\n<\/div>\n\r\n\r\n<p>&nbsp;<\/p>\r\n","protected":false},"excerpt":{"rendered":"<p>\u00a0 IMPORTANT : L\u2019existence et la survie de l&#8217;\u00e9cole de musique et de th\u00e9\u00e2tre est li\u00e9e au nombre de b\u00e9n\u00e9voles investis dans l&#8217;association ! Plus nous serons nombreux, plus la&#8230;<\/p>\n","protected":false},"author":1,"featured_media":0,"parent":0,"menu_order":0,"comment_status":"closed","ping_status":"closed","template":"","meta":{"footnotes":""},"class_list":["post-15187","page","type-page","status-publish","hentry"],"yoast_head":"<!-- This site is optimized with the Yoast SEO plugin v27.4 - https:\/\/yoast.com\/product\/yoast-seo-wordpress\/ -->\n<title>Formulaire B\u00e9n\u00e9voles - Ecole de Musique et de Th\u00e9\u00e2tre de Grandchamp des Fontaines<\/title>\n<meta name=\"robots\" content=\"index, follow, max-snippet:-1, max-image-preview:large, max-video-preview:-1\" \/>\n<link rel=\"canonical\" href=\"https:\/\/grandchampmusique.fr\/index.php\/formulaire-benevoles\/\" \/>\n<meta property=\"og:locale\" content=\"fr_FR\" \/>\n<meta property=\"og:type\" content=\"article\" \/>\n<meta property=\"og:title\" content=\"Formulaire B\u00e9n\u00e9voles - Ecole de Musique et de Th\u00e9\u00e2tre de Grandchamp des Fontaines\" \/>\n<meta property=\"og:description\" content=\"\u00a0 IMPORTANT : L\u2019existence et la survie de l&#8217;\u00e9cole de musique et de th\u00e9\u00e2tre est li\u00e9e au nombre de b\u00e9n\u00e9voles investis dans l&#8217;association ! Plus nous serons nombreux, plus la...\" \/>\n<meta property=\"og:url\" content=\"https:\/\/grandchampmusique.fr\/index.php\/formulaire-benevoles\/\" \/>\n<meta property=\"og:site_name\" content=\"Ecole de Musique et de Th\u00e9\u00e2tre de Grandchamp des Fontaines\" \/>\n<meta property=\"article:modified_time\" content=\"2025-11-21T15:40:19+00:00\" \/>\n<meta name=\"twitter:card\" content=\"summary_large_image\" \/>\n<meta name=\"twitter:label1\" content=\"Dur\u00e9e de lecture estim\u00e9e\" \/>\n\t<meta name=\"twitter:data1\" content=\"1 minute\" \/>\n<script type=\"application\/ld+json\" class=\"yoast-schema-graph\">{\"@context\":\"https:\\\/\\\/schema.org\",\"@graph\":[{\"@type\":\"WebPage\",\"@id\":\"https:\\\/\\\/grandchampmusique.fr\\\/index.php\\\/formulaire-benevoles\\\/\",\"url\":\"https:\\\/\\\/grandchampmusique.fr\\\/index.php\\\/formulaire-benevoles\\\/\",\"name\":\"Formulaire B\u00e9n\u00e9voles - Ecole de Musique et de Th\u00e9\u00e2tre de Grandchamp des Fontaines\",\"isPartOf\":{\"@id\":\"https:\\\/\\\/grandchampmusique.fr\\\/#website\"},\"datePublished\":\"2020-07-09T07:24:21+00:00\",\"dateModified\":\"2025-11-21T15:40:19+00:00\",\"breadcrumb\":{\"@id\":\"https:\\\/\\\/grandchampmusique.fr\\\/index.php\\\/formulaire-benevoles\\\/#breadcrumb\"},\"inLanguage\":\"fr-FR\",\"potentialAction\":[{\"@type\":\"ReadAction\",\"target\":[\"https:\\\/\\\/grandchampmusique.fr\\\/index.php\\\/formulaire-benevoles\\\/\"]}]},{\"@type\":\"BreadcrumbList\",\"@id\":\"https:\\\/\\\/grandchampmusique.fr\\\/index.php\\\/formulaire-benevoles\\\/#breadcrumb\",\"itemListElement\":[{\"@type\":\"ListItem\",\"position\":1,\"name\":\"Home\",\"item\":\"https:\\\/\\\/grandchampmusique.fr\\\/\"},{\"@type\":\"ListItem\",\"position\":2,\"name\":\"Formulaire B\u00e9n\u00e9voles\"}]},{\"@type\":\"WebSite\",\"@id\":\"https:\\\/\\\/grandchampmusique.fr\\\/#website\",\"url\":\"https:\\\/\\\/grandchampmusique.fr\\\/\",\"name\":\"Ecole de Musique et de Th\u00e9\u00e2tre de Grandchamp des Fontaines\",\"description\":\"CALG\",\"potentialAction\":[{\"@type\":\"SearchAction\",\"target\":{\"@type\":\"EntryPoint\",\"urlTemplate\":\"https:\\\/\\\/grandchampmusique.fr\\\/?s={search_term_string}\"},\"query-input\":{\"@type\":\"PropertyValueSpecification\",\"valueRequired\":true,\"valueName\":\"search_term_string\"}}],\"inLanguage\":\"fr-FR\"}]}<\/script>\n<!-- \/ Yoast SEO plugin. -->","yoast_head_json":{"title":"Formulaire B\u00e9n\u00e9voles - Ecole de Musique et de Th\u00e9\u00e2tre de Grandchamp des Fontaines","robots":{"index":"index","follow":"follow","max-snippet":"max-snippet:-1","max-image-preview":"max-image-preview:large","max-video-preview":"max-video-preview:-1"},"canonical":"https:\/\/grandchampmusique.fr\/index.php\/formulaire-benevoles\/","og_locale":"fr_FR","og_type":"article","og_title":"Formulaire B\u00e9n\u00e9voles - Ecole de Musique et de Th\u00e9\u00e2tre de Grandchamp des Fontaines","og_description":"\u00a0 IMPORTANT : L\u2019existence et la survie de l&#8217;\u00e9cole de musique et de th\u00e9\u00e2tre est li\u00e9e au nombre de b\u00e9n\u00e9voles investis dans l&#8217;association ! Plus nous serons nombreux, plus la...","og_url":"https:\/\/grandchampmusique.fr\/index.php\/formulaire-benevoles\/","og_site_name":"Ecole de Musique et de Th\u00e9\u00e2tre de Grandchamp des Fontaines","article_modified_time":"2025-11-21T15:40:19+00:00","twitter_card":"summary_large_image","twitter_misc":{"Dur\u00e9e de lecture estim\u00e9e":"1 minute"},"schema":{"@context":"https:\/\/schema.org","@graph":[{"@type":"WebPage","@id":"https:\/\/grandchampmusique.fr\/index.php\/formulaire-benevoles\/","url":"https:\/\/grandchampmusique.fr\/index.php\/formulaire-benevoles\/","name":"Formulaire B\u00e9n\u00e9voles - Ecole de Musique et de Th\u00e9\u00e2tre de Grandchamp des Fontaines","isPartOf":{"@id":"https:\/\/grandchampmusique.fr\/#website"},"datePublished":"2020-07-09T07:24:21+00:00","dateModified":"2025-11-21T15:40:19+00:00","breadcrumb":{"@id":"https:\/\/grandchampmusique.fr\/index.php\/formulaire-benevoles\/#breadcrumb"},"inLanguage":"fr-FR","potentialAction":[{"@type":"ReadAction","target":["https:\/\/grandchampmusique.fr\/index.php\/formulaire-benevoles\/"]}]},{"@type":"BreadcrumbList","@id":"https:\/\/grandchampmusique.fr\/index.php\/formulaire-benevoles\/#breadcrumb","itemListElement":[{"@type":"ListItem","position":1,"name":"Home","item":"https:\/\/grandchampmusique.fr\/"},{"@type":"ListItem","position":2,"name":"Formulaire B\u00e9n\u00e9voles"}]},{"@type":"WebSite","@id":"https:\/\/grandchampmusique.fr\/#website","url":"https:\/\/grandchampmusique.fr\/","name":"Ecole de Musique et de Th\u00e9\u00e2tre de Grandchamp des Fontaines","description":"CALG","potentialAction":[{"@type":"SearchAction","target":{"@type":"EntryPoint","urlTemplate":"https:\/\/grandchampmusique.fr\/?s={search_term_string}"},"query-input":{"@type":"PropertyValueSpecification","valueRequired":true,"valueName":"search_term_string"}}],"inLanguage":"fr-FR"}]}},"_links":{"self":[{"href":"https:\/\/grandchampmusique.fr\/index.php\/wp-json\/wp\/v2\/pages\/15187","targetHints":{"allow":["GET"]}}],"collection":[{"href":"https:\/\/grandchampmusique.fr\/index.php\/wp-json\/wp\/v2\/pages"}],"about":[{"href":"https:\/\/grandchampmusique.fr\/index.php\/wp-json\/wp\/v2\/types\/page"}],"author":[{"embeddable":true,"href":"https:\/\/grandchampmusique.fr\/index.php\/wp-json\/wp\/v2\/users\/1"}],"replies":[{"embeddable":true,"href":"https:\/\/grandchampmusique.fr\/index.php\/wp-json\/wp\/v2\/comments?post=15187"}],"version-history":[{"count":14,"href":"https:\/\/grandchampmusique.fr\/index.php\/wp-json\/wp\/v2\/pages\/15187\/revisions"}],"predecessor-version":[{"id":15873,"href":"https:\/\/grandchampmusique.fr\/index.php\/wp-json\/wp\/v2\/pages\/15187\/revisions\/15873"}],"wp:attachment":[{"href":"https:\/\/grandchampmusique.fr\/index.php\/wp-json\/wp\/v2\/media?parent=15187"}],"curies":[{"name":"wp","href":"https:\/\/api.w.org\/{rel}","templated":true}]}}