{"id":8946,"date":"2015-12-02T10:17:13","date_gmt":"2015-12-02T10:17:13","guid":{"rendered":"http:\/\/mall.cmsmasters.net\/?page_id=8946"},"modified":"2026-01-15T15:30:04","modified_gmt":"2026-01-15T14:30:04","slug":"inscription","status":"publish","type":"page","link":"https:\/\/grandchampmusique.fr\/index.php\/inscription\/","title":{"rendered":"Inscriptions"},"content":{"rendered":"<div id=\"cmsmasters_row_\" class=\"cmsmasters_row cmsmasters_color_scheme_default cmsmasters_row_top_default cmsmasters_row_bot_default cmsmasters_row_boxed\">\n<div class=\"cmsmasters_row_outer_parent\">\n<div class=\"cmsmasters_row_outer\">\n<div class=\"cmsmasters_row_inner\">\n<div class=\"cmsmasters_row_margin\">\n<div id=\"cmsmasters_column_\" class=\"cmsmasters_column one_first\">\n<div class=\"cmsmasters_column_inner\"><div class=\"cmsmasters_text\">\n<p style=\"text-align: left;\">Pour l&#8217;ann\u00e9e 2025-2026, vous pouvez vous inscrire et vous r\u00e9-inscrire avant le 28 juin 2025 en d\u00e9posant votre dossier dans la bo\u00eete aux lettres de l&#8217;\u00e9cole de Musique et de Th\u00e9\u00e2tre.<\/p>\n<p style=\"text-align: left;\">Vous pourrez \u00e9galement vous inscrire au Forum des Associations le samedi 6 septembre 2025 matin.<\/p>\n<ul style=\"text-align: left;\">\n<li>T\u00e9l\u00e9chargez le dossier d&#8217;inscription ci-dessous et compl\u00e9tez le (1 dossier par \u00e9l\u00e8ve \/ 1 seule adh\u00e9sion par famille).<\/li>\n<li>D\u00e9posez le dans une enveloppe avec le(s) ch\u00e8que(s) <strong>non postdat\u00e9(s)<\/strong> (*) \u00a0dans la boite aux lettres de l&#8217;Ecole de Musique &#8211; Maison des Jardins de la Cure &#8211; 14 place de l&#8217;Eglise &#8211; 44119 Grandchamp es Fontaines avant le 28 juin 2025.<\/li>\n<\/ul>\n<p style=\"text-align: left;\"><sup>\u00a0* un ch\u00e8que d&#8217;adh\u00e9sion par famille + 1, 3 ou 10 ch\u00e8ques selon la modalit\u00e9 de r\u00e8glement choisie)<\/sup><\/p>\n<p style=\"text-align: left;\">Cours hebdomadaire hors vacances scolaires et jours f\u00e9ri\u00e9s.<br \/>\nUne seule adh\u00e9sion CALG par famille. Tarif adh\u00e9sion 45\u20ac (55\u20ac hors commune)<\/p>\n<h3><a href=\"https:\/\/grandchampmusique.fr\/wp-content\/uploads\/2025\/05\/Inscription2025-2026.pdf\">Formulaire d&#8217;inscription \u00e9cole de musique.<\/a><\/h3>\n<p>Cursus d\u00e9couverte : 140\u20ac (150\u20ac hors commune)<\/p>\n<p>Bulle Musique : 140\u20ac (150\u20ac hors commune)<\/p>\n<p>Eveil musical : 140\u20ac (150\u20ac hors commune)<\/p>\n<p>Parcours d\u00e9couverte instrumentale : 260\u20ac (280\u20ac hors commune)<\/p>\n<p>Cursus instrumental jeunes :<br \/>\n&#8211;\u00a0\u00a0pour la 1\u00e8re ann\u00e9e : 530\u20ac (630\u20ac hors commune) avec 20min de pratique instrumentale + Cours de formation musicale.<br \/>\n&#8211; De la 2\u00e8me \u00e0 la 6\u00e8me ann\u00e9e : 590\u20ac (690\u20ac hors commune) avec 30 min de pratique instrumentale + Cours de formation musicale.<\/p>\n<p>Cours de technique vocale (\u00e0 partir de 12 ans) : tarif 590\u20ac (690\u20ac hors commune)<\/p>\n<p>Cursus instrumental adulte : Cours d&#8217;instrument 30 min.<br \/>\n&#8211; 650\u20ac (hors commune 750\u20ac), 1 cours par semaine.<br \/>\n&#8211; 325\u20ac (425 hors commune), 1 cours tous les 15 jours.<\/p>\n<p>Chorale enfants : 210\u20ac (230\u20ac hors commune)<\/p>\n<p>Chorale Bien \u00eatre (1h) : 250\u20ac (270\u20ac hors commune)<\/p>\n<p>Chorale Bien \u00eatre (1h) + Formation Musicale : 340\u20ac (360\u20ac hors commune)<\/p>\n<p>Atelier de pratique d&#8217;ensemble instrumental : 210\u20ac (230\u20ac hors commune)<\/p>\n<p>Atelier musiques actuelles : 180\u20ac (200\u20ac hors commune)<\/p>\n<p>Orchestre Intercommunal : 210\u20ac (230\u20ac hors commune)<\/p>\n<p>L&#8217;ouverture d&#8217;une activit\u00e9 est effective sous r\u00e9serve d&#8217;un nombre suffisant d&#8217;inscriptions.<br \/>\nLa dur\u00e9e d&#8217;une activit\u00e9 peut \u00eatre ajust\u00e9e en fonction du nombre d&#8217;inscrits.<\/p>\n<h3><a href=\"https:\/\/grandchampmusique.fr\/wp-content\/uploads\/2025\/05\/Inscription-theatre-2025-2026.pdf\">Formulaire d&#8217;inscription th\u00e9\u00e2tre<\/a>.<\/h3>\n<p>Tarifs th\u00e9\u00e2tre : 130\u20ac (150\u20ac hors commune) pour les 6-8 ans (CP \u00e0 CE2)<br \/>\n180\u20ac (200\u20ac hors commune) pour les 9-17 ans.<\/p>\n<\/div>\n<\/div><\/div>\n<\/div>\n<\/div>\n<\/div>\n<\/div>\n<\/div>\n\n","protected":false},"excerpt":{"rendered":"","protected":false},"author":1,"featured_media":0,"parent":0,"menu_order":0,"comment_status":"closed","ping_status":"closed","template":"","meta":{"footnotes":""},"class_list":["post-8946","page","type-page","status-publish","hentry"],"yoast_head":"<!-- This site is optimized with the Yoast SEO plugin v27.5 - https:\/\/yoast.com\/product\/yoast-seo-wordpress\/ -->\n<title>Inscriptions - Ecole de Musique et de Th\u00e9\u00e2tre de Grandchamp des Fontaines<\/title>\n<meta name=\"robots\" content=\"index, follow, max-snippet:-1, max-image-preview:large, max-video-preview:-1\" \/>\n<link rel=\"canonical\" href=\"https:\/\/grandchampmusique.fr\/index.php\/inscription\/\" \/>\n<meta property=\"og:locale\" content=\"fr_FR\" \/>\n<meta property=\"og:type\" content=\"article\" \/>\n<meta property=\"og:title\" content=\"Inscriptions - Ecole de Musique et de Th\u00e9\u00e2tre de Grandchamp des Fontaines\" \/>\n<meta property=\"og:url\" content=\"https:\/\/grandchampmusique.fr\/index.php\/inscription\/\" \/>\n<meta property=\"og:site_name\" content=\"Ecole de Musique et de Th\u00e9\u00e2tre de Grandchamp des Fontaines\" \/>\n<meta property=\"article:modified_time\" content=\"2026-01-15T14:30:04+00:00\" \/>\n<meta name=\"twitter:card\" content=\"summary_large_image\" \/>\n<meta name=\"twitter:label1\" content=\"Dur\u00e9e de lecture estim\u00e9e\" \/>\n\t<meta name=\"twitter:data1\" content=\"2 minutes\" \/>\n<script type=\"application\/ld+json\" class=\"yoast-schema-graph\">{\"@context\":\"https:\\\/\\\/schema.org\",\"@graph\":[{\"@type\":\"WebPage\",\"@id\":\"https:\\\/\\\/grandchampmusique.fr\\\/index.php\\\/inscription\\\/\",\"url\":\"https:\\\/\\\/grandchampmusique.fr\\\/index.php\\\/inscription\\\/\",\"name\":\"Inscriptions - Ecole de Musique et de Th\u00e9\u00e2tre de Grandchamp des Fontaines\",\"isPartOf\":{\"@id\":\"https:\\\/\\\/grandchampmusique.fr\\\/#website\"},\"datePublished\":\"2015-12-02T10:17:13+00:00\",\"dateModified\":\"2026-01-15T14:30:04+00:00\",\"breadcrumb\":{\"@id\":\"https:\\\/\\\/grandchampmusique.fr\\\/index.php\\\/inscription\\\/#breadcrumb\"},\"inLanguage\":\"fr-FR\",\"potentialAction\":[{\"@type\":\"ReadAction\",\"target\":[\"https:\\\/\\\/grandchampmusique.fr\\\/index.php\\\/inscription\\\/\"]}]},{\"@type\":\"BreadcrumbList\",\"@id\":\"https:\\\/\\\/grandchampmusique.fr\\\/index.php\\\/inscription\\\/#breadcrumb\",\"itemListElement\":[{\"@type\":\"ListItem\",\"position\":1,\"name\":\"Home\",\"item\":\"https:\\\/\\\/grandchampmusique.fr\\\/\"},{\"@type\":\"ListItem\",\"position\":2,\"name\":\"Inscriptions\"}]},{\"@type\":\"WebSite\",\"@id\":\"https:\\\/\\\/grandchampmusique.fr\\\/#website\",\"url\":\"https:\\\/\\\/grandchampmusique.fr\\\/\",\"name\":\"Ecole de Musique et de Th\u00e9\u00e2tre de Grandchamp des Fontaines\",\"description\":\"CALG\",\"potentialAction\":[{\"@type\":\"SearchAction\",\"target\":{\"@type\":\"EntryPoint\",\"urlTemplate\":\"https:\\\/\\\/grandchampmusique.fr\\\/?s={search_term_string}\"},\"query-input\":{\"@type\":\"PropertyValueSpecification\",\"valueRequired\":true,\"valueName\":\"search_term_string\"}}],\"inLanguage\":\"fr-FR\"}]}<\/script>\n<!-- \/ Yoast SEO plugin. -->","yoast_head_json":{"title":"Inscriptions - Ecole de Musique et de Th\u00e9\u00e2tre de Grandchamp des Fontaines","robots":{"index":"index","follow":"follow","max-snippet":"max-snippet:-1","max-image-preview":"max-image-preview:large","max-video-preview":"max-video-preview:-1"},"canonical":"https:\/\/grandchampmusique.fr\/index.php\/inscription\/","og_locale":"fr_FR","og_type":"article","og_title":"Inscriptions - Ecole de Musique et de Th\u00e9\u00e2tre de Grandchamp des Fontaines","og_url":"https:\/\/grandchampmusique.fr\/index.php\/inscription\/","og_site_name":"Ecole de Musique et de Th\u00e9\u00e2tre de Grandchamp des Fontaines","article_modified_time":"2026-01-15T14:30:04+00:00","twitter_card":"summary_large_image","twitter_misc":{"Dur\u00e9e de lecture estim\u00e9e":"2 minutes"},"schema":{"@context":"https:\/\/schema.org","@graph":[{"@type":"WebPage","@id":"https:\/\/grandchampmusique.fr\/index.php\/inscription\/","url":"https:\/\/grandchampmusique.fr\/index.php\/inscription\/","name":"Inscriptions - Ecole de Musique et de Th\u00e9\u00e2tre de Grandchamp des Fontaines","isPartOf":{"@id":"https:\/\/grandchampmusique.fr\/#website"},"datePublished":"2015-12-02T10:17:13+00:00","dateModified":"2026-01-15T14:30:04+00:00","breadcrumb":{"@id":"https:\/\/grandchampmusique.fr\/index.php\/inscription\/#breadcrumb"},"inLanguage":"fr-FR","potentialAction":[{"@type":"ReadAction","target":["https:\/\/grandchampmusique.fr\/index.php\/inscription\/"]}]},{"@type":"BreadcrumbList","@id":"https:\/\/grandchampmusique.fr\/index.php\/inscription\/#breadcrumb","itemListElement":[{"@type":"ListItem","position":1,"name":"Home","item":"https:\/\/grandchampmusique.fr\/"},{"@type":"ListItem","position":2,"name":"Inscriptions"}]},{"@type":"WebSite","@id":"https:\/\/grandchampmusique.fr\/#website","url":"https:\/\/grandchampmusique.fr\/","name":"Ecole de Musique et de Th\u00e9\u00e2tre de Grandchamp des Fontaines","description":"CALG","potentialAction":[{"@type":"SearchAction","target":{"@type":"EntryPoint","urlTemplate":"https:\/\/grandchampmusique.fr\/?s={search_term_string}"},"query-input":{"@type":"PropertyValueSpecification","valueRequired":true,"valueName":"search_term_string"}}],"inLanguage":"fr-FR"}]}},"_links":{"self":[{"href":"https:\/\/grandchampmusique.fr\/index.php\/wp-json\/wp\/v2\/pages\/8946","targetHints":{"allow":["GET"]}}],"collection":[{"href":"https:\/\/grandchampmusique.fr\/index.php\/wp-json\/wp\/v2\/pages"}],"about":[{"href":"https:\/\/grandchampmusique.fr\/index.php\/wp-json\/wp\/v2\/types\/page"}],"author":[{"embeddable":true,"href":"https:\/\/grandchampmusique.fr\/index.php\/wp-json\/wp\/v2\/users\/1"}],"replies":[{"embeddable":true,"href":"https:\/\/grandchampmusique.fr\/index.php\/wp-json\/wp\/v2\/comments?post=8946"}],"version-history":[{"count":183,"href":"https:\/\/grandchampmusique.fr\/index.php\/wp-json\/wp\/v2\/pages\/8946\/revisions"}],"predecessor-version":[{"id":15878,"href":"https:\/\/grandchampmusique.fr\/index.php\/wp-json\/wp\/v2\/pages\/8946\/revisions\/15878"}],"wp:attachment":[{"href":"https:\/\/grandchampmusique.fr\/index.php\/wp-json\/wp\/v2\/media?parent=8946"}],"curies":[{"name":"wp","href":"https:\/\/api.w.org\/{rel}","templated":true}]}}